{"id":4439,"date":"2021-10-12T16:27:24","date_gmt":"2021-10-12T16:27:24","guid":{"rendered":"http:\/\/dummy.xtemos.com\/woodmart2\/elementor\/?page_id=4439"},"modified":"2025-10-16T16:11:32","modified_gmt":"2025-10-16T09:11:32","slug":"%e8%81%94%e7%b3%bb","status":"publish","type":"page","link":"https:\/\/www.yoyotravel.vn\/zh-hans\/%e8%81%94%e7%b3%bb\/","title":{"rendered":"\u8054\u7cfb"},"content":{"rendered":"<div class=\"row row-full-width\"  id=\"row-1722463051\">\n\n\t<div id=\"col-1726138556\" class=\"col small-12 large-12\"  >\n\t\t\t\t<div class=\"col-inner\"  >\n\t\t\t\n\t\t\t\n\n<p><iframe src=\"https:\/\/www.google.com\/maps\/embed?pb=!1m18!1m12!1m3!1d2330.3166490676977!2d106.71881324974426!3d10.802899252633114!2m3!1f0!2f0!3f0!3m2!1i1024!2i768!4f13.1!3m3!1m2!1s0x317528a6df0cb50d%3A0x8835fb66c7df0563!2zMTY0IE5ndXnDqsyDbiBWxINuIFRoxrDGoW5nLCBQaMaw4budbmcgMjUsIELDrG5oIFRo4bqhbmgsIFRow6BuaCBwaOG7kSBI4buTIENow60gTWluaCA3MDAwMDAsIFZp4buHdCBOYW0!5e0!3m2!1svi!2s!4v1760605228820!5m2!1svi!2s\" width=\"100%\" height=\"450\" style=\"border:0;\" allowfullscreen=\"\" loading=\"lazy\" referrerpolicy=\"no-referrer-when-downgrade\"><\/iframe><br \/>\n\n\t\t<\/div>\n\t\t\t\t\t<\/div>\n\n\t\n<\/div>\n\n\t<section class=\"section\" id=\"section_800014867\">\n\t\t<div class=\"section-bg fill\" >\n\t\t\t\t\t\t\t\t\t\n\t\t\t\n\n\t\t<\/div>\n\n\t\t\n\n\t\t<div class=\"section-content relative\">\n\t\t\t\n<div class=\"row row-divided\"  id=\"row-651113470\">\n\n\t<div id=\"col-665748443\" class=\"col medium-6 small-12 large-6\"  >\n\t\t\t\t<div class=\"col-inner\"  >\n\t\t\t\n\t\t\t\n<h3 class=\"accordion_title\">C\u00e2u h\u1ecfi th\u01b0\u1eddng g\u1eb7p<\/h3><div class=\"accordion\">\n\t<div id=\"accordion-3966645551\" class=\"accordion-item\">\n\t\t<a id=\"accordion-3966645551-label\" class=\"accordion-title plain\" href=\"#accordion-item-t\u00f4i-c\u00f3-th\u1ec3-nh\u1eadn-\u0111\u01b0\u1ee3c-visa-trong-bao-l\u00e2u?\" aria-expanded=\"false\" aria-controls=\"accordion-3966645551-content\" >\n\t\t\t<button class=\"toggle\" aria-label=\"Toggle\"><i class=\"icon-angle-down\"><\/i><\/button>\n\t\t\t<span>T\u00f4i c\u00f3 th\u1ec3 nh\u1eadn \u0111\u01b0\u1ee3c visa trong bao l\u00e2u?<\/span>\n\t\t<\/a>\n\t\t<div id=\"accordion-3966645551-content\" class=\"accordion-inner\" aria-labelledby=\"accordion-3966645551-label\" >\n\t\t\t\n<p>Th\u1eddi gian x\u1eed l\u00fd visa ph\u1ee5 thu\u1ed9c v\u00e0o lo\u1ea1i visa v\u00e0 qu\u1ed1c gia. Th\u00f4ng th\u01b0\u1eddng, visa Trung Qu\u1ed1c c\u1ea7n kho\u1ea3ng 4\u20137 ng\u00e0y l\u00e0m vi\u1ec7c, visa Campuchia c\u00f3 th\u1ec3 l\u1ea5y ngay trong ng\u00e0y. Visa Vi\u1ec7t Nam th\u01b0\u1eddng m\u1ea5t 5\u20137 ng\u00e0y l\u00e0m vi\u1ec7c, nh\u01b0ng n\u1ebfu b\u1ea1n c\u1ea7n g\u1ea5p, ch\u00fang t\u00f4i c\u00f3 th\u1ec3 cung c\u1ea5p c\u00e1c d\u1ecbch v\u1ee5 kh\u1ea9n nh\u01b0 2 gi\u1edd, 4 gi\u1edd, trong ng\u00e0y, ho\u1eb7c 2 ng\u00e0y, t\u00f9y theo nhu c\u1ea7u c\u1ee7a b\u1ea1n. Ngo\u00e0i ra, ch\u00fang t\u00f4i c\u00f2n cung c\u1ea5p d\u1ecbch v\u1ee5 l\u00e0m visa kh\u1ea9n c\u1ea5p \u0111\u1ec3 \u0111\u00e1p \u1ee9ng nh\u1eefng y\u00eau c\u1ea7u c\u1ea5p b\u00e1ch.<\/p>\n\t\t<\/div>\n\t<\/div>\n\t\n\t<div id=\"accordion-1283168975\" class=\"accordion-item\">\n\t\t<a id=\"accordion-1283168975-label\" class=\"accordion-title plain\" href=\"#accordion-item-t\u00f4i-c\u00f3-th\u1ec3-s\u1eed-d\u1ee5ng-d\u1ecbch-v\u1ee5-\u0111\u01b0a-\u0111\u00f3n-t\u1ea1i-nh\u1eefng-s\u00e2n-bay-n\u00e0o?\" aria-expanded=\"false\" aria-controls=\"accordion-1283168975-content\" >\n\t\t\t<button class=\"toggle\" aria-label=\"Toggle\"><i class=\"icon-angle-down\"><\/i><\/button>\n\t\t\t<span>T\u00f4i c\u00f3 th\u1ec3 s\u1eed d\u1ee5ng d\u1ecbch v\u1ee5 \u0111\u01b0a \u0111\u00f3n t\u1ea1i nh\u1eefng s\u00e2n bay n\u00e0o?<\/span>\n\t\t<\/a>\n\t\t<div id=\"accordion-1283168975-content\" class=\"accordion-inner\" aria-labelledby=\"accordion-1283168975-label\" >\n\t\t\t\n<div class=\"elementor-element elementor-element-1f0abe4 e-con-full e-flex e-con e-child\" data-id=\"1f0abe4\" data-element_type=\"container\">\n<div class=\"elementor-element elementor-element-2a7c1c6 elementor-widget elementor-widget-wd_accordion\" data-id=\"2a7c1c6\" data-element_type=\"widget\" data-widget_type=\"wd_accordion.default\">\n<div class=\"elementor-widget-container\">\n<div class=\"wd-accordion wd-style-default wd-inited\" data-state=\"first\">\n<div class=\"wd-accordion-item\">\n<div class=\"wd-accordion-content reset-last-child wd-active\" data-accordion-index=\"1\">\n<p>Ch\u00fang t\u00f4i cung c\u1ea5p d\u1ecbch v\u1ee5 \u0111\u01b0a \u0111\u00f3n t\u1ea1i c\u00e1c s\u00e2n bay qu\u1ed1c t\u1ebf ch\u00ednh \u1edf Vi\u1ec7t Nam v\u00e0 Campuchia, bao g\u1ed3m:<\/p>\n<p>S\u00e2n bay Qu\u1ed1c t\u1ebf N\u1ed9i B\u00e0i, H\u00e0 N\u1ed9i (HAN)<\/p>\n<p>S\u00e2n bay Qu\u1ed1c t\u1ebf T\u00e2n S\u01a1n Nh\u1ea5t, TP. H\u1ed3 Ch\u00ed Minh (SGN)<\/p>\n<p>S\u00e2n bay Qu\u1ed1c t\u1ebf \u0110\u00e0 N\u1eb5ng (DAD)<\/p>\n<p>S\u00e2n bay qu\u1ed1c t\u1ebf Cam Ranh (CXR)<\/p>\n<p>S\u00e2n bay qu\u1ed1c t\u1ebf Ph\u00fa Qu\u1ed1c (PQC)<\/p>\n<p>S\u00e2n bay Qu\u1ed1c t\u1ebf Phnom Penh (PNH)<\/p>\n<p>S\u00e2n bay Qu\u1ed1c t\u1ebf Sihanoukville (KOS)<\/p>\n<p>S\u00e2n bay Qu\u1ed1c t\u1ebf Siem Reap (SAI)<\/p>\n<\/div>\n<\/div>\n<\/div>\n<\/div>\n<\/div>\n<\/div>\n\t\t<\/div>\n\t<\/div>\n\t\n\t<div id=\"accordion-1079450160\" class=\"accordion-item\">\n\t\t<a id=\"accordion-1079450160-label\" class=\"accordion-title plain\" href=\"#accordion-item-accordion-panel\" aria-expanded=\"false\" aria-controls=\"accordion-1079450160-content\" >\n\t\t\t<button class=\"toggle\" aria-label=\"Toggle\"><i class=\"icon-angle-down\"><\/i><\/button>\n\t\t\t<span>Accordion Panel<\/span>\n\t\t<\/a>\n\t\t<div id=\"accordion-1079450160-content\" class=\"accordion-inner\" aria-labelledby=\"accordion-1079450160-label\" >\n\t\t\t\n\t\t<\/div>\n\t<\/div>\n\t\n\t<div id=\"accordion-3035181978\" class=\"accordion-item\">\n\t\t<a id=\"accordion-3035181978-label\" class=\"accordion-title plain\" href=\"#accordion-item-cung-c\u1ea5p-nh\u1eefng-lo\u1ea1i-xe-\u0111\u01b0a-\u0111\u00f3n-n\u00e0o?\" aria-expanded=\"false\" aria-controls=\"accordion-3035181978-content\" >\n\t\t\t<button class=\"toggle\" aria-label=\"Toggle\"><i class=\"icon-angle-down\"><\/i><\/button>\n\t\t\t<span>Cung c\u1ea5p nh\u1eefng lo\u1ea1i xe \u0111\u01b0a \u0111\u00f3n n\u00e0o?<\/span>\n\t\t<\/a>\n\t\t<div id=\"accordion-3035181978-content\" class=\"accordion-inner\" aria-labelledby=\"accordion-3035181978-label\" >\n\t\t\t\n<p>Ch\u00fang t\u00f4i cung c\u1ea5p nhi\u1ec1u lo\u1ea1i xe kh\u00e1c nhau, t\u1eeb 4 ch\u1ed7, 7 ch\u1ed7 \u0111\u1ebfn 45 ch\u1ed7, c\u00f3 th\u1ec3 \u0111\u00e1p \u1ee9ng nhu c\u1ea7u c\u1ee7a c\u00e1 nh\u00e2n, gia \u0111\u00ecnh ho\u1eb7c c\u00e1c \u0111o\u00e0n du l\u1ecbch.<\/p>\n\t\t<\/div>\n\t<\/div>\n\t\n\t<div id=\"accordion-1569206249\" class=\"accordion-item\">\n\t\t<a id=\"accordion-1569206249-label\" class=\"accordion-title plain\" href=\"#accordion-item-t\u00f4i-c\u00f3-th\u1ec3-thu\u00ea-h\u01b0\u1edbng-d\u1eabn-vi\u00ean-theo-gi\u1edd-ho\u1eb7c-theo-ng\u00e0y-kh\u00f4ng?\" aria-expanded=\"false\" aria-controls=\"accordion-1569206249-content\" >\n\t\t\t<button class=\"toggle\" aria-label=\"Toggle\"><i class=\"icon-angle-down\"><\/i><\/button>\n\t\t\t<span>T\u00f4i c\u00f3 th\u1ec3 thu\u00ea h\u01b0\u1edbng d\u1eabn vi\u00ean theo gi\u1edd ho\u1eb7c theo ng\u00e0y kh\u00f4ng?<\/span>\n\t\t<\/a>\n\t\t<div id=\"accordion-1569206249-content\" class=\"accordion-inner\" aria-labelledby=\"accordion-1569206249-label\" >\n\t\t\t\n<p>Ch\u00fang t\u00f4i cung c\u1ea5p d\u1ecbch v\u1ee5 h\u01b0\u1edbng d\u1eabn vi\u00ean theo gi\u1edd ho\u1eb7c theo ng\u00e0y, c\u00f3 th\u1ec3 s\u1eafp x\u1ebfp linh ho\u1ea1t t\u00f9y theo nhu c\u1ea7u c\u1ee7a b\u1ea1n.<\/p>\n\t\t<\/div>\n\t<\/div>\n\t\n\t<div id=\"accordion-3014621949\" class=\"accordion-item\">\n\t\t<a id=\"accordion-3014621949-label\" class=\"accordion-title plain\" href=\"#accordion-item-l\u00e0m-th\u1ebf-n\u00e0o-\u0111\u1ec3-t\u00f4i-\u0111\u1eb7t-v\u00e9-m\u00e1y-bay?\" aria-expanded=\"false\" aria-controls=\"accordion-3014621949-content\" >\n\t\t\t<button class=\"toggle\" aria-label=\"Toggle\"><i class=\"icon-angle-down\"><\/i><\/button>\n\t\t\t<span>L\u00e0m th\u1ebf n\u00e0o \u0111\u1ec3 t\u00f4i \u0111\u1eb7t v\u00e9 m\u00e1y bay?<\/span>\n\t\t<\/a>\n\t\t<div id=\"accordion-3014621949-content\" class=\"accordion-inner\" aria-labelledby=\"accordion-3014621949-label\" >\n\t\t\t\n<p>B\u1ea1n c\u00f3 th\u1ec3 nhanh ch\u00f3ng \u0111\u1eb7t v\u00e9 m\u00e1y bay th\u00f4ng qua website c\u1ee7a ch\u00fang t\u00f4i, trang m\u1ea1ng x\u00e3 h\u1ed9i ch\u00ednh th\u1ee9c (fanpage) ho\u1eb7c li\u00ean h\u1ec7 tr\u1ef1c ti\u1ebfp qua hotline.<\/p>\n\t\t<\/div>\n\t<\/div>\n\t\n<\/div>\n\t\t<\/div>\n\t\t\t\t\t<\/div>\n\n\t\n\n\t<div id=\"col-1188954751\" class=\"col medium-6 small-12 large-6\"  >\n\t\t\t\t<div class=\"col-inner\"  >\n\t\t\t\n\t\t\t\n<h3>Li\u00ean h\u1ec7 v\u1edbi ch\u00fang t\u00f4i \u0111\u1ec3 \u0111\u01b0\u1ee3c gi\u1ea3i \u0111\u00e1p m\u1ecdi th\u1eafc m\u1eafc c\u1ee7a b\u1ea1n.<\/h3>\n\n<div class=\"wpcf7 no-js\" id=\"wpcf7-f5-o1\" lang=\"vi\" dir=\"ltr\" data-wpcf7-id=\"5\">\n<div class=\"screen-reader-response\"><p role=\"status\" aria-live=\"polite\" aria-atomic=\"true\"><\/p> <ul><\/ul><\/div>\n<form action=\"\/zh-hans\/wp-json\/wp\/v2\/pages\/4439#wpcf7-f5-o1\" method=\"post\" class=\"wpcf7-form init\" aria-label=\"Form li\u00ean h\u1ec7\" novalidate=\"novalidate\" data-status=\"init\">\n<fieldset class=\"hidden-fields-container\"><input type=\"hidden\" name=\"_wpcf7\" value=\"5\" \/><input type=\"hidden\" name=\"_wpcf7_version\" value=\"6.1.2\" \/><input type=\"hidden\" name=\"_wpcf7_locale\" value=\"vi\" \/><input type=\"hidden\" name=\"_wpcf7_unit_tag\" value=\"wpcf7-f5-o1\" \/><input type=\"hidden\" name=\"_wpcf7_container_post\" value=\"0\" \/><input type=\"hidden\" name=\"_wpcf7_posted_data_hash\" value=\"\" \/>\n<\/fieldset>\n<div style=\"display: none\"><p><span class=\"wpcf7-form-control-wrap\" data-name=\"mbws\"><input size=\"40\" class=\"wpcf7-form-control wpcf7-text\" aria-invalid=\"false\" value=\"\" type=\"text\" name=\"mbws\"><\/span><\/p><\/div><label> T\u00ean c\u1ee7a b\u1ea1n\n    <span class=\"wpcf7-form-control-wrap\" data-name=\"your-name\"><input size=\"40\" maxlength=\"400\" class=\"wpcf7-form-control wpcf7-text wpcf7-validates-as-required\" autocomplete=\"name\" aria-required=\"true\" aria-invalid=\"false\" value=\"\" type=\"text\" name=\"your-name\" \/><\/span> <\/label>\n\n<label> Email c\u1ee7a b\u1ea1n\n    <span class=\"wpcf7-form-control-wrap\" data-name=\"your-email\"><input size=\"40\" maxlength=\"400\" class=\"wpcf7-form-control wpcf7-email wpcf7-validates-as-required wpcf7-text wpcf7-validates-as-email\" autocomplete=\"email\" aria-required=\"true\" aria-invalid=\"false\" value=\"\" type=\"email\" name=\"your-email\" \/><\/span> <\/label>\n\n<label> Ti\u00eau \u0111\u1ec1:\n    <span class=\"wpcf7-form-control-wrap\" data-name=\"your-subject\"><input size=\"40\" maxlength=\"400\" class=\"wpcf7-form-control wpcf7-text wpcf7-validates-as-required\" aria-required=\"true\" aria-invalid=\"false\" value=\"\" type=\"text\" name=\"your-subject\" \/><\/span> <\/label>\n\n<label> Tin nh\u1eafn c\u1ee7a b\u1ea1n (kh\u00f4ng b\u1eaft bu\u1ed9c)\n    <span class=\"wpcf7-form-control-wrap\" data-name=\"your-message\"><textarea cols=\"40\" rows=\"10\" maxlength=\"2000\" class=\"wpcf7-form-control wpcf7-textarea\" aria-invalid=\"false\" name=\"your-message\"><\/textarea><\/span> <\/label>\n\n<input class=\"wpcf7-form-control wpcf7-submit has-spinner\" type=\"submit\" value=\"G\u1eedi\" \/><div class=\"wpcf7-response-output\" aria-hidden=\"true\"><\/div>\n<\/form>\n<\/div>\n\n\t\t<\/div>\n\t\t\t\t\t<\/div>\n\n\t\n<\/div>\n\t\t<\/div>\n\n\t\t\n<style>\n#section_800014867 {\n  padding-top: 30px;\n  padding-bottom: 30px;\n}\n<\/style>\n\t<\/section>\n\t\n","protected":false},"excerpt":{"rendered":"","protected":false},"author":1,"featured_media":0,"parent":0,"menu_order":0,"comment_status":"closed","ping_status":"closed","template":"","meta":{"inline_featured_image":false,"footnotes":""},"class_list":["post-4439","page","type-page","status-publish","hentry"],"_links":{"self":[{"href":"https:\/\/www.yoyotravel.vn\/zh-hans\/wp-json\/wp\/v2\/pages\/4439","targetHints":{"allow":["GET"]}}],"collection":[{"href":"https:\/\/www.yoyotravel.vn\/zh-hans\/wp-json\/wp\/v2\/pages"}],"about":[{"href":"https:\/\/www.yoyotravel.vn\/zh-hans\/wp-json\/wp\/v2\/types\/page"}],"author":[{"embeddable":true,"href":"https:\/\/www.yoyotravel.vn\/zh-hans\/wp-json\/wp\/v2\/users\/1"}],"replies":[{"embeddable":true,"href":"https:\/\/www.yoyotravel.vn\/zh-hans\/wp-json\/wp\/v2\/comments?post=4439"}],"version-history":[{"count":30,"href":"https:\/\/www.yoyotravel.vn\/zh-hans\/wp-json\/wp\/v2\/pages\/4439\/revisions"}],"predecessor-version":[{"id":17881,"href":"https:\/\/www.yoyotravel.vn\/zh-hans\/wp-json\/wp\/v2\/pages\/4439\/revisions\/17881"}],"wp:attachment":[{"href":"https:\/\/www.yoyotravel.vn\/zh-hans\/wp-json\/wp\/v2\/media?parent=4439"}],"curies":[{"name":"wp","href":"https:\/\/api.w.org\/{rel}","templated":true}]}}